{"id":26,"date":"2026-03-13T10:13:18","date_gmt":"2026-03-13T10:13:18","guid":{"rendered":"https:\/\/equilibrain.se\/?page_id=26"},"modified":"2026-03-14T20:43:57","modified_gmt":"2026-03-14T20:43:57","slug":"om-foretaget","status":"publish","type":"page","link":"https:\/\/equilibrain.se\/?page_id=26","title":{"rendered":"Om f\u00f6retaget"},"content":{"rendered":"\n<style>\n\/* Wrap-around bild med exakt linjering *\/\n.wrap-image {\n  float: left;\n  width: auto;\n  height: 369px;\n  max-width: 100%;\n  object-fit: cover;\n  margin: 0 1em 1em 0;\n  position: relative;\n  top: 8px;\n}\n\n\/* Container som rensar floaten *\/\n.text-container::after {\n  content: \"\";\n  display: table;\n  clear: both;\n}\n\n\/* Textinst\u00e4llningar *\/\n\n\/* Mobilanpassning *\/\n@media screen and (max-width: 600px) {\n  .wrap-image {\n    float: none;\n    width: 100%;\n    height: auto;     \/* beh\u00e5ll proportioner *\/\n    top: 0;\n    margin: 0 0 1em 0;\n  }\n}\n<\/style>\n\n<div class=\"text-container\">\n  <img decoding=\"async\" src=\"https:\/\/beingwith.se\/wp-content\/uploads\/2026\/02\/portraitsmall_edited1-3.jpg\" alt=\"Maja Jansson\" class=\"wrap-image\"\/>\n\n  <p>Jag som driver Equilibrain heter Maja Jansson. Jag har en kandidatexamen i medicinsk vetenskap med medicin som huvud\u00e4mne, en socionomexamen och en steg 1-utbildning i kognitiv beteendeterapi.<\/p>\n\n  <p>Jag har genomg\u00e5tt kurserna Neurofeedback Assessment and Intervention (ackrediterad av Biofeedback Certification International Alliance) genom Saybrook University, samt ett antal olika kurser i Infra-Slow Fluctuations (ISF) neurofeedback sedan 2016 d\u00e5 jag startade min verksamhet. Jag arbetar under handledning av mentorer med relevant utbildning och omfattande erfarenhet av neurofeedback. Jag \u00e4r \u00e4ven utbildad i diverse olika nervsystemsbaserade, relationella och f\u00f6rkroppsligade metoder s\u00e5som exempelvis Lifespan Integration, Accelerated Experiental Dynamic Psychotherapy (AEDP), relationell mindfulness, yoga, Roll Model och traumamedveten omsorg. Jag arbetar ocks\u00e5 med kroppsbaserade metoder f\u00f6r nervsystemsreglering.<\/p>\n\n  <p>Jag tycker att man kan likna effekten av neurofeedback vid att h\u00e4lla vatten i ett litet respektive ett st\u00f6rre glas. Storleken p\u00e5 glaset st\u00e5r f\u00f6r nervsystemets f\u00f6rm\u00e5ga att reglera sina egna tillst\u00e5nd och i verkliga livet vilka p\u00e5frestningar man klarar av att hantera. Jag t\u00e4nker att v\u00e5ra nervsystem \u00e4r v\u00e5ra medvetandens infrastruktur. Jag tror att vissa rytmer, kopplingar och strukturer m\u00e5ste vara p\u00e5 plats i v\u00e5ra hj\u00e4rnor f\u00f6r att vissa upplevelser ska vara m\u00f6jliga f\u00f6r oss. Jag tycker det \u00e4r hisnande och r\u00f6rande att t\u00e4nka p\u00e5 att i elektrisk aktivitet i en fettklump i v\u00e5ra huvuden ryms v\u00e5ra tankar, v\u00e5ra dr\u00f6mmar, v\u00e5ra identiteter och inre v\u00e4rldar, att v\u00e5r biologi och fysiologi \u00e4r med och styr vilka liv som \u00e4r tillg\u00e4ngliga f\u00f6r oss.<\/p>\n\n  <p>F\u00f6r mig handlar neurofeedback inte bara om att komma tillr\u00e4tta med problem utan ocks\u00e5 om sj\u00e4lvuppt\u00e4ckande, f\u00f6rverkligande av potential och andlig utveckling. Tr\u00e4ningen v\u00e4cker existentiella fr\u00e5gor: Hur kan jag f\u00f6rst\u00e5 mig sj\u00e4lv om jag b\u00f6rjar uppleva saker som jag inte upplevde innan, kan g\u00f6ra saker som jag inte kunde g\u00f6ra innan? Hur f\u00f6r\u00e4ndras min sj\u00e4lvbild, min v\u00e4rld, mina relationer, mitt liv? Vem kan jag bli? Vad blir m\u00f6jligt?<\/p>\n<\/div>\n","protected":false},"excerpt":{"rendered":"<p>Jag som driver Equilibrain heter Maja Jansson. Jag har en kandidatexamen i medicinsk vetenskap med medicin som huvud\u00e4mne, en socionomexamen och en steg 1-utbildning i kognitiv beteendeterapi. Jag har genomg\u00e5tt kurserna Neurofeedback Assessment and Intervention (ackrediterad av Biofeedback Certification International Alliance) genom Saybrook University, samt ett antal olika kurser i Infra-Slow Fluctuations (ISF) neurofeedback sedan [&hellip;]<\/p>\n","protected":false},"author":1,"featured_media":0,"parent":0,"menu_order":0,"comment_status":"closed","ping_status":"closed","template":"","meta":{"footnotes":""},"class_list":["post-26","page","type-page","status-publish","hentry"],"_links":{"self":[{"href":"https:\/\/equilibrain.se\/index.php?rest_route=\/wp\/v2\/pages\/26","targetHints":{"allow":["GET"]}}],"collection":[{"href":"https:\/\/equilibrain.se\/index.php?rest_route=\/wp\/v2\/pages"}],"about":[{"href":"https:\/\/equilibrain.se\/index.php?rest_route=\/wp\/v2\/types\/page"}],"author":[{"embeddable":true,"href":"https:\/\/equilibrain.se\/index.php?rest_route=\/wp\/v2\/users\/1"}],"replies":[{"embeddable":true,"href":"https:\/\/equilibrain.se\/index.php?rest_route=%2Fwp%2Fv2%2Fcomments&post=26"}],"version-history":[{"count":41,"href":"https:\/\/equilibrain.se\/index.php?rest_route=\/wp\/v2\/pages\/26\/revisions"}],"predecessor-version":[{"id":106,"href":"https:\/\/equilibrain.se\/index.php?rest_route=\/wp\/v2\/pages\/26\/revisions\/106"}],"wp:attachment":[{"href":"https:\/\/equilibrain.se\/index.php?rest_route=%2Fwp%2Fv2%2Fmedia&parent=26"}],"curies":[{"name":"wp","href":"https:\/\/api.w.org\/{rel}","templated":true}]}}