{"id":7,"date":"2026-03-13T09:29:52","date_gmt":"2026-03-13T09:29:52","guid":{"rendered":"https:\/\/equilibrain.se\/?page_id=7"},"modified":"2026-03-14T20:39:23","modified_gmt":"2026-03-14T20:39:23","slug":"hur-trivs-du-med-din-hjarna","status":"publish","type":"page","link":"https:\/\/equilibrain.se\/","title":{"rendered":"Hur trivs du med din hj\u00e4rna?"},"content":{"rendered":"\n<p>V\u00e5r hj\u00e4rna och v\u00e5rt nervsystem f\u00f6rs\u00f6ker hela tiden reglera sig sj\u00e4lva f\u00f6r att anpassa sig till omgivningens krav. Hur v\u00e4l den h\u00e4r sj\u00e4lvregleringen fungerar avg\u00f6r i vilken utstr\u00e4ckning vi har tillg\u00e5ng till de mer komplexa hj\u00e4rnfunktioner som \u00e4r f\u00f6ruts\u00e4ttningen f\u00f6r uppm\u00e4rksamhet, koncentration, kreativt t\u00e4nkande och meningsfulla sociala interaktioner.&nbsp;<\/p>\n\n\n\n<p>Alla m\u00e4nniskors liv inneh\u00e5ller i olika omfattning situationer och f\u00f6reteelser som kr\u00e4ver mycket av oss och utmanar v\u00e5r reglering.&nbsp; K\u00e4nslom\u00e4ssiga p\u00e5frestningar och l\u00e5ngvarig stress utan m\u00f6jlighet till \u00e5terh\u00e4mtning kan dock skada v\u00e5r hj\u00e4rnas f\u00f6rm\u00e5ga att reglera sig sj\u00e4lv, och vi kan ocks\u00e5 ha medf\u00f6dda sv\u00e5righeter att reglera v\u00e5ra egna tillst\u00e5nd.&nbsp;<\/p>\n\n\n\n<p>Det \u00e4r dock m\u00f6jligt att f\u00f6rb\u00e4ttra hj\u00e4rnans f\u00f6rm\u00e5ga att reglera sig sj\u00e4lv.&nbsp;<\/p>\n\n\n\n<p>V\u00e4lkommen till Equilibrain.<\/p>\n","protected":false},"excerpt":{"rendered":"<p>V\u00e5r hj\u00e4rna och v\u00e5rt nervsystem f\u00f6rs\u00f6ker hela tiden reglera sig sj\u00e4lva f\u00f6r att anpassa sig till omgivningens krav. Hur v\u00e4l den h\u00e4r sj\u00e4lvregleringen fungerar avg\u00f6r i vilken utstr\u00e4ckning vi har tillg\u00e5ng till de mer komplexa hj\u00e4rnfunktioner som \u00e4r f\u00f6ruts\u00e4ttningen f\u00f6r uppm\u00e4rksamhet, koncentration, kreativt t\u00e4nkande och meningsfulla sociala interaktioner.&nbsp; Alla m\u00e4nniskors liv inneh\u00e5ller i olika omfattning [&hellip;]<\/p>\n","protected":false},"author":1,"featured_media":0,"parent":0,"menu_order":0,"comment_status":"closed","ping_status":"closed","template":"","meta":{"footnotes":""},"class_list":["post-7","page","type-page","status-publish","hentry"],"_links":{"self":[{"href":"https:\/\/equilibrain.se\/index.php?rest_route=\/wp\/v2\/pages\/7","targetHints":{"allow":["GET"]}}],"collection":[{"href":"https:\/\/equilibrain.se\/index.php?rest_route=\/wp\/v2\/pages"}],"about":[{"href":"https:\/\/equilibrain.se\/index.php?rest_route=\/wp\/v2\/types\/page"}],"author":[{"embeddable":true,"href":"https:\/\/equilibrain.se\/index.php?rest_route=\/wp\/v2\/users\/1"}],"replies":[{"embeddable":true,"href":"https:\/\/equilibrain.se\/index.php?rest_route=%2Fwp%2Fv2%2Fcomments&post=7"}],"version-history":[{"count":1,"href":"https:\/\/equilibrain.se\/index.php?rest_route=\/wp\/v2\/pages\/7\/revisions"}],"predecessor-version":[{"id":9,"href":"https:\/\/equilibrain.se\/index.php?rest_route=\/wp\/v2\/pages\/7\/revisions\/9"}],"wp:attachment":[{"href":"https:\/\/equilibrain.se\/index.php?rest_route=%2Fwp%2Fv2%2Fmedia&parent=7"}],"curies":[{"name":"wp","href":"https:\/\/api.w.org\/{rel}","templated":true}]}}